{"id":1866,"date":"2024-11-12T23:32:07","date_gmt":"2024-11-12T15:32:07","guid":{"rendered":"https:\/\/zentramo.com\/?page_id=1866"},"modified":"2026-02-01T09:33:51","modified_gmt":"2026-02-01T01:33:51","slug":"terms-of-use","status":"publish","type":"page","link":"https:\/\/zentramo.com\/pt\/terms-of-use\/","title":{"rendered":"Termos de utiliza\u00e7\u00e3o"},"content":{"rendered":"<div data-elementor-type=\"wp-page\" data-elementor-id=\"1866\" class=\"elementor elementor-1866\" data-elementor-post-type=\"page\">\n\t\t\t\t<div class=\"elementor-element elementor-element-7a3df9fc e-flex e-con-boxed e-con e-parent\" data-id=\"7a3df9fc\" data-element_type=\"container\" data-settings=\"{&quot;background_background&quot;:&quot;classic&quot;,&quot;ekit_has_onepagescroll_dot&quot;:&quot;yes&quot;}\">\n\t\t\t\t\t<div class=\"e-con-inner\">\n\t\t<div class=\"elementor-element elementor-element-4755c71d e-con-full e-flex e-con e-child\" data-id=\"4755c71d\" data-element_type=\"container\" data-settings=\"{&quot;background_background&quot;:&quot;classic&quot;,&quot;ekit_has_onepagescroll_dot&quot;:&quot;yes&quot;}\">\n\t\t\t\t<div class=\"elementor-element elementor-element-3d339389 elementor-widget elementor-widget-heading\" data-id=\"3d339389\" data-element_type=\"widget\" data-settings=\"{&quot;ekit_we_effect_on&quot;:&quot;none&quot;}\" data-widget_type=\"heading.default\">\n\t\t\t\t<div class=\"elementor-widget-container\">\n\t\t\t\t\t<h2 class=\"elementor-heading-title elementor-size-default\">Termos de utiliza\u00e7\u00e3o<\/h2>\t\t\t\t<\/div>\n\t\t\t\t<\/div>\n\t\t\t\t<div class=\"elementor-element elementor-element-2ce2d824 elementor-widget elementor-widget-text-editor\" data-id=\"2ce2d824\" data-element_type=\"widget\" data-settings=\"{&quot;ekit_we_effect_on&quot;:&quot;none&quot;}\" data-widget_type=\"text-editor.default\">\n\t\t\t\t<div class=\"elementor-widget-container\">\n\t\t\t\t\t\t\t\t\t<p data-start=\"176\" data-end=\"200\"><strong data-start=\"176\" data-end=\"200\">Bem-vindo ao Zentramo!<\/strong><\/p><p data-start=\"202\" data-end=\"495\">As presentes Condi\u00e7\u00f5es de Utiliza\u00e7\u00e3o (\u201cCondi\u00e7\u00f5es\u201d) regem a utiliza\u00e7\u00e3o do s\u00edtio Web localizado em <strong data-start=\"273\" data-end=\"297\"><a class=\"decorated-link\" href=\"https:\/\/zentramo.com\/pt\/\" target=\"_new\" rel=\"noopener\" data-start=\"275\" data-end=\"295\">https:\/\/zentramo.com<\/a><\/strong> (o \u201cS\u00edtio\u201d) e os servi\u00e7os prestados por <strong data-start=\"340\" data-end=\"352\">Zentramo<\/strong> (\u201cn\u00f3s\u201d, \u201cnos\u201d ou \u201cnosso\u201d). Ao aceder ou utilizar o Site, o utilizador concorda em cumprir estes Termos. Se n\u00e3o concordar, n\u00e3o utilize o S\u00edtio.<\/p><hr data-start=\"497\" data-end=\"500\" \/><h3 data-start=\"502\" data-end=\"530\">1. Aceita\u00e7\u00e3o das condi\u00e7\u00f5es<\/h3><p data-start=\"531\" data-end=\"760\">Ao aceder e utilizar o nosso Site, o utilizador concorda em ficar vinculado a estes Termos. Se estiver a utilizar o Site em nome de uma empresa ou organiza\u00e7\u00e3o, o utilizador declara e garante que tem autoridade para concordar com estes Termos em seu nome.<\/p><hr data-start=\"762\" data-end=\"765\" \/><h3 data-start=\"767\" data-end=\"798\">2. Altera\u00e7\u00f5es das condi\u00e7\u00f5es<\/h3><p data-start=\"799\" data-end=\"1001\">A Zentramo reserva-se o direito de modificar estes Termos em qualquer altura. Quaisquer altera\u00e7\u00f5es ser\u00e3o publicadas nesta p\u00e1gina e o uso continuado do Site ap\u00f3s tais altera\u00e7\u00f5es constitui aceita\u00e7\u00e3o dos Termos actualizados.<\/p><hr data-start=\"1003\" data-end=\"1006\" \/><h3 data-start=\"1008\" data-end=\"1032\">3. Utiliza\u00e7\u00e3o do s\u00edtio<\/h3><p data-start=\"1033\" data-end=\"1257\">O utilizador concorda em utilizar o Site apenas para fins legais e de uma forma que n\u00e3o viole os direitos de terceiros ou restrinja a sua utiliza\u00e7\u00e3o do Site. A utiliza\u00e7\u00e3o n\u00e3o autorizada ou incorrecta pode resultar na suspens\u00e3o ou cessa\u00e7\u00e3o do acesso.<\/p><hr data-start=\"1259\" data-end=\"1262\" \/><h3 data-start=\"1264\" data-end=\"1297\">4. Responsabilidades da conta<\/h3><p data-start=\"1298\" data-end=\"1584\">Se criar uma conta no S\u00edtio, o utilizador \u00e9 respons\u00e1vel por manter a confidencialidade das suas credenciais de in\u00edcio de sess\u00e3o e de todas as actividades realizadas na sua conta. Concorda em fornecer informa\u00e7\u00f5es precisas e actualizadas. A Zentramo n\u00e3o \u00e9 respons\u00e1vel por qualquer acesso n\u00e3o autorizado \u00e0 sua conta.<\/p><hr data-start=\"1586\" data-end=\"1589\" \/><h3 data-start=\"1591\" data-end=\"1621\">5. Propriedade intelectual<\/h3><p data-start=\"1622\" data-end=\"1879\">Todo o conte\u00fado do Site, incluindo mas n\u00e3o limitado a texto, imagens, log\u00f3tipos, gr\u00e1ficos, v\u00eddeos e software, \u00e9 propriedade ou licenciado \u00e0 Zentramo e est\u00e1 protegido pelas leis de propriedade intelectual aplic\u00e1veis. O uso n\u00e3o autorizado de qualquer conte\u00fado \u00e9 estritamente proibido.<\/p><hr data-start=\"1881\" data-end=\"1884\" \/><h3 data-start=\"1886\" data-end=\"1917\">6. Conte\u00fados gerados pelos utilizadores<\/h3><p data-start=\"1918\" data-end=\"2205\">Se o utilizador enviar conte\u00fado para o Website (como perguntas, coment\u00e1rios ou avalia\u00e7\u00f5es), concede \u00e0 Zentramo uma licen\u00e7a n\u00e3o exclusiva, mundial e isenta de royalties para utilizar, apresentar e distribuir esse conte\u00fado. Reservamo-nos o direito de remover qualquer conte\u00fado que viole estes Termos ou seja considerado inadequado.<\/p><hr data-start=\"2207\" data-end=\"2210\" \/><h3 data-start=\"2212\" data-end=\"2244\">7. Limita\u00e7\u00e3o da responsabilidade<\/h3><p data-start=\"2245\" data-end=\"2477\">A Zentramo n\u00e3o ser\u00e1 respons\u00e1vel por quaisquer danos diretos, indirectos, acidentais ou consequenciais resultantes da utiliza\u00e7\u00e3o ou incapacidade de utiliza\u00e7\u00e3o do S\u00edtio, incluindo, mas n\u00e3o se limitando a, interrup\u00e7\u00e3o de neg\u00f3cios, perda de dados ou perda de lucros.<\/p><hr data-start=\"2479\" data-end=\"2482\" \/><h3 data-start=\"2484\" data-end=\"2510\">8. Liga\u00e7\u00f5es de terceiros<\/h3><p data-start=\"2511\" data-end=\"2677\">O s\u00edtio pode conter liga\u00e7\u00f5es para s\u00edtios Web de terceiros. A Zentramo n\u00e3o controla e n\u00e3o \u00e9 respons\u00e1vel pelo conte\u00fado, pol\u00edticas ou pr\u00e1ticas de quaisquer sites de terceiros.<\/p><hr data-start=\"2679\" data-end=\"2682\" \/><h3 data-start=\"2684\" data-end=\"2704\">9. Rescis\u00e3o<\/h3><p data-start=\"2705\" data-end=\"2893\">A Zentramo reserva-se o direito de suspender ou terminar o seu acesso ao Website a qualquer momento, sem aviso pr\u00e9vio, caso viole estes Termos ou se envolva em condutas prejudiciais ao Website ou a outros utilizadores.<\/p><hr data-start=\"2895\" data-end=\"2898\" \/><h3 data-start=\"2900\" data-end=\"2923\">10. Direito aplic\u00e1vel<\/h3><p data-start=\"2924\" data-end=\"3103\">Estas Condi\u00e7\u00f5es ser\u00e3o regidas e interpretadas de acordo com as leis aplic\u00e1veis da jurisdi\u00e7\u00e3o em que a Zentramo opera, sem ter em conta os princ\u00edpios de conflito de leis.<\/p><hr data-start=\"3105\" data-end=\"3108\" \/><h3 data-start=\"3110\" data-end=\"3126\">Contactar-nos<\/h3><p data-start=\"3127\" data-end=\"3234\">Se tiver alguma quest\u00e3o relacionada com as presentes Condi\u00e7\u00f5es de Utiliza\u00e7\u00e3o, contacte-nos atrav\u00e9s do endere\u00e7o<br data-start=\"3204\" data-end=\"3207\" \/>\ud83d\udce7 <strong data-start=\"3210\" data-end=\"3234\"><a class=\"decorated-link cursor-pointer\" rel=\"noopener\" data-start=\"3212\" data-end=\"3232\">support@zentramo.com<\/a><\/strong><\/p>\t\t\t\t\t\t\t\t<\/div>\n\t\t\t\t<\/div>\n\t\t\t\t<\/div>\n\t\t\t\t\t<\/div>\n\t\t\t\t<\/div>\n\t\t\t\t<\/div>","protected":false},"excerpt":{"rendered":"<p>Terms of Use Welcome to Zentramo! These Terms of Use (\u201cTerms\u201d) govern your use of the website located at https:\/\/zentramo.com (the \u201cSite\u201d) and the services provided by Zentramo (\u201cwe,\u201d \u201cus,\u201d or \u201cour\u201d). By accessing or using the Site, you agree to comply with these Terms. If you do not agree, please do not use the [&hellip;]<\/p>","protected":false},"author":2,"featured_media":0,"parent":0,"menu_order":0,"comment_status":"closed","ping_status":"closed","template":"","meta":{"_seopress_robots_primary_cat":"","_seopress_titles_title":"","_seopress_titles_desc":"","_seopress_robots_index":"","footnotes":""},"class_list":["post-1866","page","type-page","status-publish","hentry"],"_links":{"self":[{"href":"https:\/\/zentramo.com\/pt\/wp-json\/wp\/v2\/pages\/1866","targetHints":{"allow":["GET"]}}],"collection":[{"href":"https:\/\/zentramo.com\/pt\/wp-json\/wp\/v2\/pages"}],"about":[{"href":"https:\/\/zentramo.com\/pt\/wp-json\/wp\/v2\/types\/page"}],"author":[{"embeddable":true,"href":"https:\/\/zentramo.com\/pt\/wp-json\/wp\/v2\/users\/2"}],"replies":[{"embeddable":true,"href":"https:\/\/zentramo.com\/pt\/wp-json\/wp\/v2\/comments?post=1866"}],"version-history":[{"count":22,"href":"https:\/\/zentramo.com\/pt\/wp-json\/wp\/v2\/pages\/1866\/revisions"}],"predecessor-version":[{"id":6619,"href":"https:\/\/zentramo.com\/pt\/wp-json\/wp\/v2\/pages\/1866\/revisions\/6619"}],"wp:attachment":[{"href":"https:\/\/zentramo.com\/pt\/wp-json\/wp\/v2\/media?parent=1866"}],"curies":[{"name":"wp","href":"https:\/\/api.w.org\/{rel}","templated":true}]}}