{"id":1866,"date":"2024-11-12T23:32:07","date_gmt":"2024-11-12T15:32:07","guid":{"rendered":"https:\/\/zentramo.com\/?page_id=1866"},"modified":"2026-02-01T09:33:51","modified_gmt":"2026-02-01T01:33:51","slug":"terms-of-use","status":"publish","type":"page","link":"https:\/\/zentramo.com\/it\/terms-of-use\/","title":{"rendered":"Condizioni di utilizzo"},"content":{"rendered":"<div data-elementor-type=\"wp-page\" data-elementor-id=\"1866\" class=\"elementor elementor-1866\" data-elementor-post-type=\"page\">\n\t\t\t\t<div class=\"elementor-element elementor-element-7a3df9fc e-flex e-con-boxed e-con e-parent\" data-id=\"7a3df9fc\" data-element_type=\"container\" data-settings=\"{&quot;background_background&quot;:&quot;classic&quot;,&quot;ekit_has_onepagescroll_dot&quot;:&quot;yes&quot;}\">\n\t\t\t\t\t<div class=\"e-con-inner\">\n\t\t<div class=\"elementor-element elementor-element-4755c71d e-con-full e-flex e-con e-child\" data-id=\"4755c71d\" data-element_type=\"container\" data-settings=\"{&quot;background_background&quot;:&quot;classic&quot;,&quot;ekit_has_onepagescroll_dot&quot;:&quot;yes&quot;}\">\n\t\t\t\t<div class=\"elementor-element elementor-element-3d339389 elementor-widget elementor-widget-heading\" data-id=\"3d339389\" data-element_type=\"widget\" data-settings=\"{&quot;ekit_we_effect_on&quot;:&quot;none&quot;}\" data-widget_type=\"heading.default\">\n\t\t\t\t<div class=\"elementor-widget-container\">\n\t\t\t\t\t<h2 class=\"elementor-heading-title elementor-size-default\">Condizioni di utilizzo<\/h2>\t\t\t\t<\/div>\n\t\t\t\t<\/div>\n\t\t\t\t<div class=\"elementor-element elementor-element-2ce2d824 elementor-widget elementor-widget-text-editor\" data-id=\"2ce2d824\" data-element_type=\"widget\" data-settings=\"{&quot;ekit_we_effect_on&quot;:&quot;none&quot;}\" data-widget_type=\"text-editor.default\">\n\t\t\t\t<div class=\"elementor-widget-container\">\n\t\t\t\t\t\t\t\t\t<p data-start=\"176\" data-end=\"200\"><strong data-start=\"176\" data-end=\"200\">Benvenuti a Zentramo!<\/strong><\/p><p data-start=\"202\" data-end=\"495\">Le presenti Condizioni d'uso (\u201cCondizioni\u201d) regolano l'utilizzo del sito web situato all'indirizzo <strong data-start=\"273\" data-end=\"297\"><a class=\"decorated-link\" href=\"https:\/\/zentramo.com\/it\/\" target=\"_new\" rel=\"noopener\" data-start=\"275\" data-end=\"295\">https:\/\/zentramo.com<\/a><\/strong> (il \u201cSito\u201d) e i servizi forniti da <strong data-start=\"340\" data-end=\"352\">Zentramo<\/strong> (\u201cnoi\u201d, \u201cci\u201d o \u201cnostro\u201d). Accedendo o utilizzando il Sito, l'utente accetta di rispettare le presenti Condizioni. Se l'utente non \u00e8 d'accordo, \u00e8 pregato di non utilizzare il Sito.<\/p><hr data-start=\"497\" data-end=\"500\" \/><h3 data-start=\"502\" data-end=\"530\">1. Accettazione dei termini<\/h3><p data-start=\"531\" data-end=\"760\">Accedendo e utilizzando il nostro Sito, l'utente accetta di essere vincolato dai presenti Termini. Se si utilizza il Sito per conto di un'azienda o di un'organizzazione, l'utente dichiara e garantisce di avere l'autorit\u00e0 di accettare i presenti Termini per suo conto.<\/p><hr data-start=\"762\" data-end=\"765\" \/><h3 data-start=\"767\" data-end=\"798\">2. Modifiche ai termini<\/h3><p data-start=\"799\" data-end=\"1001\">Zentramo si riserva il diritto di modificare i presenti Termini in qualsiasi momento. Eventuali modifiche saranno pubblicate su questa pagina e l'uso continuato del Sito da parte dell'utente dopo tali modifiche costituisce accettazione dei Termini aggiornati.<\/p><hr data-start=\"1003\" data-end=\"1006\" \/><h3 data-start=\"1008\" data-end=\"1032\">3. Utilizzo del Sito<\/h3><p data-start=\"1033\" data-end=\"1257\">L'utente accetta di utilizzare il Sito solo per scopi leciti e in modo da non violare i diritti di altri o limitare il loro utilizzo del Sito. L'uso non autorizzato o improprio pu\u00f2 comportare la sospensione o la cessazione dell'accesso.<\/p><hr data-start=\"1259\" data-end=\"1262\" \/><h3 data-start=\"1264\" data-end=\"1297\">4. Responsabilit\u00e0 del conto<\/h3><p data-start=\"1298\" data-end=\"1584\">Se l'utente crea un account sul Sito, \u00e8 responsabile del mantenimento della riservatezza delle proprie credenziali di accesso e di tutte le attivit\u00e0 svolte nell'ambito del proprio account. L'utente accetta di fornire informazioni accurate e aggiornate. Zentramo non \u00e8 responsabile di alcun accesso non autorizzato al proprio account.<\/p><hr data-start=\"1586\" data-end=\"1589\" \/><h3 data-start=\"1591\" data-end=\"1621\">5. Propriet\u00e0 intellettuale<\/h3><p data-start=\"1622\" data-end=\"1879\">Tutti i contenuti del Sito, compresi, a titolo esemplificativo ma non esaustivo, testi, immagini, loghi, grafici, video e software, sono di propriet\u00e0 o concessi in licenza a Zentramo e sono protetti dalle leggi sulla propriet\u00e0 intellettuale applicabili. L'uso non autorizzato di qualsiasi contenuto \u00e8 severamente vietato.<\/p><hr data-start=\"1881\" data-end=\"1884\" \/><h3 data-start=\"1886\" data-end=\"1917\">6. Contenuti generati dagli utenti<\/h3><p data-start=\"1918\" data-end=\"2205\">Se l'utente invia contenuti al Sito (come richieste, commenti o recensioni), concede a Zentramo una licenza non esclusiva, mondiale e gratuita per l'utilizzo, la visualizzazione e la distribuzione di tali contenuti. Ci riserviamo il diritto di rimuovere qualsiasi contenuto che violi i presenti Termini o sia ritenuto inappropriato.<\/p><hr data-start=\"2207\" data-end=\"2210\" \/><h3 data-start=\"2212\" data-end=\"2244\">7. Limitazione di responsabilit\u00e0<\/h3><p data-start=\"2245\" data-end=\"2477\">Zentramo non sar\u00e0 responsabile di alcun danno diretto, indiretto, incidentale o consequenziale derivante dall'utilizzo o dall'impossibilit\u00e0 di utilizzo del Sito da parte dell'utente, ivi compresi, a titolo esemplificativo e non esaustivo, l'interruzione dell'attivit\u00e0, la perdita di dati o la perdita di profitti.<\/p><hr data-start=\"2479\" data-end=\"2482\" \/><h3 data-start=\"2484\" data-end=\"2510\">8. Link di terze parti<\/h3><p data-start=\"2511\" data-end=\"2677\">Il Sito pu\u00f2 contenere link a siti web di terzi. Zentramo non controlla e non \u00e8 responsabile per il contenuto, le politiche o le pratiche dei siti di terzi.<\/p><hr data-start=\"2679\" data-end=\"2682\" \/><h3 data-start=\"2684\" data-end=\"2704\">9. Terminazione<\/h3><p data-start=\"2705\" data-end=\"2893\">Zentramo si riserva il diritto di sospendere o interrompere l'accesso dell'utente al Sito in qualsiasi momento, senza preavviso, qualora l'utente violi i presenti Termini o tenga una condotta dannosa per il Sito o per gli altri utenti.<\/p><hr data-start=\"2895\" data-end=\"2898\" \/><h3 data-start=\"2900\" data-end=\"2923\">10. Legge applicabile<\/h3><p data-start=\"2924\" data-end=\"3103\">I presenti Termini saranno disciplinati e interpretati in conformit\u00e0 alle leggi applicabili della giurisdizione in cui opera Zentramo, senza tener conto dei conflitti di legge.<\/p><hr data-start=\"3105\" data-end=\"3108\" \/><h3 data-start=\"3110\" data-end=\"3126\">Contatto<\/h3><p data-start=\"3127\" data-end=\"3234\">In caso di domande relative alle presenti Condizioni d'uso, si prega di contattarci all'indirizzo:<br data-start=\"3204\" data-end=\"3207\" \/>\ud83d\udce7 <strong data-start=\"3210\" data-end=\"3234\"><a class=\"decorated-link cursor-pointer\" rel=\"noopener\" data-start=\"3212\" data-end=\"3232\">support@zentramo.com<\/a><\/strong><\/p>\t\t\t\t\t\t\t\t<\/div>\n\t\t\t\t<\/div>\n\t\t\t\t<\/div>\n\t\t\t\t\t<\/div>\n\t\t\t\t<\/div>\n\t\t\t\t<\/div>","protected":false},"excerpt":{"rendered":"<p>Terms of Use Welcome to Zentramo! These Terms of Use (\u201cTerms\u201d) govern your use of the website located at https:\/\/zentramo.com (the \u201cSite\u201d) and the services provided by Zentramo (\u201cwe,\u201d \u201cus,\u201d or \u201cour\u201d). By accessing or using the Site, you agree to comply with these Terms. If you do not agree, please do not use the [&hellip;]<\/p>","protected":false},"author":2,"featured_media":0,"parent":0,"menu_order":0,"comment_status":"closed","ping_status":"closed","template":"","meta":{"_seopress_robots_primary_cat":"","_seopress_titles_title":"","_seopress_titles_desc":"","_seopress_robots_index":"","footnotes":""},"class_list":["post-1866","page","type-page","status-publish","hentry"],"_links":{"self":[{"href":"https:\/\/zentramo.com\/it\/wp-json\/wp\/v2\/pages\/1866","targetHints":{"allow":["GET"]}}],"collection":[{"href":"https:\/\/zentramo.com\/it\/wp-json\/wp\/v2\/pages"}],"about":[{"href":"https:\/\/zentramo.com\/it\/wp-json\/wp\/v2\/types\/page"}],"author":[{"embeddable":true,"href":"https:\/\/zentramo.com\/it\/wp-json\/wp\/v2\/users\/2"}],"replies":[{"embeddable":true,"href":"https:\/\/zentramo.com\/it\/wp-json\/wp\/v2\/comments?post=1866"}],"version-history":[{"count":22,"href":"https:\/\/zentramo.com\/it\/wp-json\/wp\/v2\/pages\/1866\/revisions"}],"predecessor-version":[{"id":6619,"href":"https:\/\/zentramo.com\/it\/wp-json\/wp\/v2\/pages\/1866\/revisions\/6619"}],"wp:attachment":[{"href":"https:\/\/zentramo.com\/it\/wp-json\/wp\/v2\/media?parent=1866"}],"curies":[{"name":"wp","href":"https:\/\/api.w.org\/{rel}","templated":true}]}}