{"id":1866,"date":"2024-11-12T23:32:07","date_gmt":"2024-11-12T15:32:07","guid":{"rendered":"https:\/\/zentramo.com\/?page_id=1866"},"modified":"2026-02-01T09:33:51","modified_gmt":"2026-02-01T01:33:51","slug":"terms-of-use","status":"publish","type":"page","link":"https:\/\/zentramo.com\/es\/terms-of-use\/","title":{"rendered":"Condiciones de uso"},"content":{"rendered":"<div data-elementor-type=\"wp-page\" data-elementor-id=\"1866\" class=\"elementor elementor-1866\" data-elementor-post-type=\"page\">\n\t\t\t\t<div class=\"elementor-element elementor-element-7a3df9fc e-flex e-con-boxed e-con e-parent\" data-id=\"7a3df9fc\" data-element_type=\"container\" data-settings=\"{&quot;background_background&quot;:&quot;classic&quot;,&quot;ekit_has_onepagescroll_dot&quot;:&quot;yes&quot;}\">\n\t\t\t\t\t<div class=\"e-con-inner\">\n\t\t<div class=\"elementor-element elementor-element-4755c71d e-con-full e-flex e-con e-child\" data-id=\"4755c71d\" data-element_type=\"container\" data-settings=\"{&quot;background_background&quot;:&quot;classic&quot;,&quot;ekit_has_onepagescroll_dot&quot;:&quot;yes&quot;}\">\n\t\t\t\t<div class=\"elementor-element elementor-element-3d339389 elementor-widget elementor-widget-heading\" data-id=\"3d339389\" data-element_type=\"widget\" data-settings=\"{&quot;ekit_we_effect_on&quot;:&quot;none&quot;}\" data-widget_type=\"heading.default\">\n\t\t\t\t<div class=\"elementor-widget-container\">\n\t\t\t\t\t<h2 class=\"elementor-heading-title elementor-size-default\">Condiciones de uso<\/h2>\t\t\t\t<\/div>\n\t\t\t\t<\/div>\n\t\t\t\t<div class=\"elementor-element elementor-element-2ce2d824 elementor-widget elementor-widget-text-editor\" data-id=\"2ce2d824\" data-element_type=\"widget\" data-settings=\"{&quot;ekit_we_effect_on&quot;:&quot;none&quot;}\" data-widget_type=\"text-editor.default\">\n\t\t\t\t<div class=\"elementor-widget-container\">\n\t\t\t\t\t\t\t\t\t<p data-start=\"176\" data-end=\"200\"><strong data-start=\"176\" data-end=\"200\">\u00a1Bienvenido a Zentramo!<\/strong><\/p><p data-start=\"202\" data-end=\"495\">Las presentes Condiciones de Uso (\u201cCondiciones\u201d) regulan el uso del sitio web ubicado en <strong data-start=\"273\" data-end=\"297\"><a class=\"decorated-link\" href=\"https:\/\/zentramo.com\/es\/\" target=\"_new\" rel=\"noopener\" data-start=\"275\" data-end=\"295\">https:\/\/zentramo.com<\/a><\/strong> (el \u201cSitio\u201d) y los servicios prestados por <strong data-start=\"340\" data-end=\"352\">Zentramo<\/strong> (\u201cnosotros\u201d, \u201cnos\u201d o \u201cnuestro\u201d). Al acceder o utilizar el Sitio, usted acepta cumplir estas Condiciones. Si no est\u00e1 de acuerdo, le rogamos que no utilice el Sitio.<\/p><hr data-start=\"497\" data-end=\"500\" \/><h3 data-start=\"502\" data-end=\"530\">1. Aceptaci\u00f3n de las condiciones<\/h3><p data-start=\"531\" data-end=\"760\">Al acceder y utilizar nuestro Sitio, usted acepta quedar vinculado por estas Condiciones. Si utiliza el Sitio en nombre de una empresa u organizaci\u00f3n, declara y garantiza que tiene autoridad para aceptar estas Condiciones en su nombre.<\/p><hr data-start=\"762\" data-end=\"765\" \/><h3 data-start=\"767\" data-end=\"798\">2. Modificaci\u00f3n de las condiciones<\/h3><p data-start=\"799\" data-end=\"1001\">Zentramo se reserva el derecho a modificar estas Condiciones en cualquier momento. Cualquier cambio ser\u00e1 publicado en esta p\u00e1gina, y su uso continuado del Sitio despu\u00e9s de tales cambios constituye la aceptaci\u00f3n de los T\u00e9rminos actualizados.<\/p><hr data-start=\"1003\" data-end=\"1006\" \/><h3 data-start=\"1008\" data-end=\"1032\">3. 3. Uso del sitio web<\/h3><p data-start=\"1033\" data-end=\"1257\">Usted se compromete a utilizar el Sitio \u00fanicamente con fines l\u00edcitos y de forma que no viole los derechos de terceros ni restrinja su uso del Sitio. El uso no autorizado o indebido puede dar lugar a la suspensi\u00f3n o cancelaci\u00f3n del acceso.<\/p><hr data-start=\"1259\" data-end=\"1262\" \/><h3 data-start=\"1264\" data-end=\"1297\">4. Responsabilidades de la cuenta<\/h3><p data-start=\"1298\" data-end=\"1584\">Si crea una cuenta en el Sitio, ser\u00e1 responsable de mantener la confidencialidad de sus credenciales de acceso y de todas las actividades que se realicen en su cuenta. Usted se compromete a proporcionar informaci\u00f3n precisa y actualizada. Zentramo no se hace responsable de ning\u00fan acceso no autorizado a su cuenta.<\/p><hr data-start=\"1586\" data-end=\"1589\" \/><h3 data-start=\"1591\" data-end=\"1621\">5. 5. Propiedad intelectual<\/h3><p data-start=\"1622\" data-end=\"1879\">Todo el contenido del Sitio, incluidos, entre otros, textos, im\u00e1genes, logotipos, gr\u00e1ficos, v\u00eddeos y software, es propiedad de Zentramo o se le ha concedido licencia para ello y est\u00e1 protegido por las leyes de propiedad intelectual aplicables. El uso no autorizado de cualquier contenido est\u00e1 estrictamente prohibido.<\/p><hr data-start=\"1881\" data-end=\"1884\" \/><h3 data-start=\"1886\" data-end=\"1917\">6. Contenidos generados por los usuarios<\/h3><p data-start=\"1918\" data-end=\"2205\">Si env\u00eda contenido al Sitio (como consultas, comentarios o rese\u00f1as), concede a Zentramo una licencia no exclusiva, mundial y libre de regal\u00edas para utilizar, mostrar y distribuir dicho contenido. Nos reservamos el derecho a eliminar cualquier contenido que infrinja estas Condiciones o se considere inapropiado.<\/p><hr data-start=\"2207\" data-end=\"2210\" \/><h3 data-start=\"2212\" data-end=\"2244\">7. Limitaci\u00f3n de responsabilidad<\/h3><p data-start=\"2245\" data-end=\"2477\">Zentramo no ser\u00e1 responsable de ning\u00fan da\u00f1o directo, indirecto, incidental o consecuente derivado de su uso o incapacidad para usar el Sitio, incluyendo pero no limitado a la interrupci\u00f3n del negocio, p\u00e9rdida de datos o p\u00e9rdida de beneficios.<\/p><hr data-start=\"2479\" data-end=\"2482\" \/><h3 data-start=\"2484\" data-end=\"2510\">8. Enlaces de terceros<\/h3><p data-start=\"2511\" data-end=\"2677\">El Sitio puede contener enlaces a sitios web de terceros. Zentramo no controla ni es responsable del contenido, las pol\u00edticas o las pr\u00e1cticas de los sitios de terceros.<\/p><hr data-start=\"2679\" data-end=\"2682\" \/><h3 data-start=\"2684\" data-end=\"2704\">9. Terminaci\u00f3n<\/h3><p data-start=\"2705\" data-end=\"2893\">Zentramo se reserva el derecho de suspender o cancelar su acceso al Sitio en cualquier momento, sin previo aviso, si infringe estas Condiciones o adopta una conducta perjudicial para el Sitio o para otros usuarios.<\/p><hr data-start=\"2895\" data-end=\"2898\" \/><h3 data-start=\"2900\" data-end=\"2923\">10. Derecho aplicable<\/h3><p data-start=\"2924\" data-end=\"3103\">Estas Condiciones se regir\u00e1n e interpretar\u00e1n de acuerdo con las leyes aplicables de la jurisdicci\u00f3n en la que opera Zentramo, sin tener en cuenta los principios de conflicto de leyes.<\/p><hr data-start=\"3105\" data-end=\"3108\" \/><h3 data-start=\"3110\" data-end=\"3126\">P\u00f3ngase en contacto con nosotros<\/h3><p data-start=\"3127\" data-end=\"3234\">Si tiene alguna pregunta sobre estas Condiciones de uso, p\u00f3ngase en contacto con nosotros en:<br data-start=\"3204\" data-end=\"3207\" \/>\ud83d\udce7 <strong data-start=\"3210\" data-end=\"3234\"><a class=\"decorated-link cursor-pointer\" rel=\"noopener\" data-start=\"3212\" data-end=\"3232\">support@zentramo.com<\/a><\/strong><\/p>\t\t\t\t\t\t\t\t<\/div>\n\t\t\t\t<\/div>\n\t\t\t\t<\/div>\n\t\t\t\t\t<\/div>\n\t\t\t\t<\/div>\n\t\t\t\t<\/div>","protected":false},"excerpt":{"rendered":"<p>Terms of Use Welcome to Zentramo! These Terms of Use (\u201cTerms\u201d) govern your use of the website located at https:\/\/zentramo.com (the \u201cSite\u201d) and the services provided by Zentramo (\u201cwe,\u201d \u201cus,\u201d or \u201cour\u201d). By accessing or using the Site, you agree to comply with these Terms. If you do not agree, please do not use the [&hellip;]<\/p>","protected":false},"author":2,"featured_media":0,"parent":0,"menu_order":0,"comment_status":"closed","ping_status":"closed","template":"","meta":{"_seopress_robots_primary_cat":"","_seopress_titles_title":"","_seopress_titles_desc":"","_seopress_robots_index":"","footnotes":""},"class_list":["post-1866","page","type-page","status-publish","hentry"],"_links":{"self":[{"href":"https:\/\/zentramo.com\/es\/wp-json\/wp\/v2\/pages\/1866","targetHints":{"allow":["GET"]}}],"collection":[{"href":"https:\/\/zentramo.com\/es\/wp-json\/wp\/v2\/pages"}],"about":[{"href":"https:\/\/zentramo.com\/es\/wp-json\/wp\/v2\/types\/page"}],"author":[{"embeddable":true,"href":"https:\/\/zentramo.com\/es\/wp-json\/wp\/v2\/users\/2"}],"replies":[{"embeddable":true,"href":"https:\/\/zentramo.com\/es\/wp-json\/wp\/v2\/comments?post=1866"}],"version-history":[{"count":22,"href":"https:\/\/zentramo.com\/es\/wp-json\/wp\/v2\/pages\/1866\/revisions"}],"predecessor-version":[{"id":6619,"href":"https:\/\/zentramo.com\/es\/wp-json\/wp\/v2\/pages\/1866\/revisions\/6619"}],"wp:attachment":[{"href":"https:\/\/zentramo.com\/es\/wp-json\/wp\/v2\/media?parent=1866"}],"curies":[{"name":"wp","href":"https:\/\/api.w.org\/{rel}","templated":true}]}}