{"id":1848,"date":"2024-11-12T23:27:35","date_gmt":"2024-11-12T15:27:35","guid":{"rendered":"https:\/\/zentramo.com\/?page_id=1848"},"modified":"2026-02-01T09:29:57","modified_gmt":"2026-02-01T01:29:57","slug":"privacy-policy","status":"publish","type":"page","link":"https:\/\/zentramo.com\/es\/privacy-policy\/","title":{"rendered":"Pol\u00edtica de privacidad"},"content":{"rendered":"<div data-elementor-type=\"wp-page\" data-elementor-id=\"1848\" class=\"elementor elementor-1848\" data-elementor-post-type=\"page\">\n\t\t\t\t<div class=\"elementor-element elementor-element-784fa18 e-flex e-con-boxed e-con e-parent\" data-id=\"784fa18\" data-element_type=\"container\" data-settings=\"{&quot;background_background&quot;:&quot;classic&quot;,&quot;ekit_has_onepagescroll_dot&quot;:&quot;yes&quot;}\">\n\t\t\t\t\t<div class=\"e-con-inner\">\n\t\t<div class=\"elementor-element elementor-element-b3cf68d e-con-full e-flex e-con e-child\" data-id=\"b3cf68d\" data-element_type=\"container\" data-settings=\"{&quot;background_background&quot;:&quot;classic&quot;,&quot;ekit_has_onepagescroll_dot&quot;:&quot;yes&quot;}\">\n\t\t\t\t<div class=\"elementor-element elementor-element-69c86bd elementor-widget elementor-widget-heading\" data-id=\"69c86bd\" data-element_type=\"widget\" data-settings=\"{&quot;ekit_we_effect_on&quot;:&quot;none&quot;}\" data-widget_type=\"heading.default\">\n\t\t\t\t<div class=\"elementor-widget-container\">\n\t\t\t\t\t<h2 class=\"elementor-heading-title elementor-size-default\">Pol\u00edtica de privacidad<\/h2>\t\t\t\t<\/div>\n\t\t\t\t<\/div>\n\t\t\t\t<div class=\"elementor-element elementor-element-b2f3cbe elementor-widget elementor-widget-text-editor\" data-id=\"b2f3cbe\" data-element_type=\"widget\" data-settings=\"{&quot;ekit_we_effect_on&quot;:&quot;none&quot;}\" data-widget_type=\"text-editor.default\">\n\t\t\t\t<div class=\"elementor-widget-container\">\n\t\t\t\t\t\t\t\t\t<p data-start=\"218\" data-end=\"249\"><strong data-start=\"218\" data-end=\"249\">Pol\u00edtica de privacidad de Zentramo<\/strong><\/p><p data-start=\"251\" data-end=\"452\">En <strong data-start=\"254\" data-end=\"266\">Zentramo<\/strong>, accesible desde <strong data-start=\"284\" data-end=\"308\"><a class=\"decorated-link\" href=\"https:\/\/zentramo.com\/es\/\" target=\"_new\" rel=\"noopener\" data-start=\"286\" data-end=\"306\">https:\/\/zentramo.com<\/a><\/strong>, proteger su privacidad es una prioridad. Esta pol\u00edtica de privacidad explica c\u00f3mo recopilamos, utilizamos y protegemos la informaci\u00f3n de los visitantes de nuestro sitio web.<\/p><hr data-start=\"454\" data-end=\"457\" \/><h3 data-start=\"459\" data-end=\"480\">1. Introducci\u00f3n<\/h3><p data-start=\"481\" data-end=\"663\">La presente Pol\u00edtica de Privacidad se aplica a la recogida, uso y divulgaci\u00f3n de informaci\u00f3n personal por parte de <strong data-start=\"575\" data-end=\"587\">Zentramo<\/strong>. Al utilizar nuestro sitio web, usted acepta las pr\u00e1cticas descritas en esta pol\u00edtica.<\/p><hr data-start=\"665\" data-end=\"668\" \/><h3 data-start=\"670\" data-end=\"701\">2. Informaci\u00f3n que recopilamos<\/h3><p data-start=\"703\" data-end=\"909\"><strong data-start=\"703\" data-end=\"727\">Informaci\u00f3n personal<\/strong><br data-start=\"727\" data-end=\"730\" \/>Podemos recopilar informaci\u00f3n personal que usted nos proporcione voluntariamente, como su nombre, direcci\u00f3n de correo electr\u00f3nico y datos de contacto cuando se ponga en contacto con nosotros, env\u00ede formularios o se suscriba a actualizaciones.<\/p><p data-start=\"911\" data-end=\"1151\"><strong data-start=\"911\" data-end=\"950\">Informaci\u00f3n recopilada autom\u00e1ticamente<\/strong><br data-start=\"950\" data-end=\"953\" \/>Podemos recopilar autom\u00e1ticamente determinada informaci\u00f3n t\u00e9cnica, como la direcci\u00f3n IP, el tipo de navegador, el sistema operativo, las p\u00e1ginas de referencia y los datos de uso, para mejorar el rendimiento del sitio web y la experiencia del usuario.<\/p><hr data-start=\"1153\" data-end=\"1156\" \/><h3 data-start=\"1158\" data-end=\"1194\">3. C\u00f3mo utilizamos su informaci\u00f3n<\/h3><p data-start=\"1195\" data-end=\"1234\">Zentramo utiliza la informaci\u00f3n recopilada para:<\/p><ul data-start=\"1235\" data-end=\"1476\"><li data-start=\"1235\" data-end=\"1294\"><p data-start=\"1237\" data-end=\"1294\">Operar, mantener y mejorar nuestro sitio web y nuestros servicios<\/p><\/li><li data-start=\"1295\" data-end=\"1348\"><p data-start=\"1297\" data-end=\"1348\">Responder a las consultas y prestar asistencia al cliente<\/p><\/li><li data-start=\"1349\" data-end=\"1427\"><p data-start=\"1351\" data-end=\"1427\">Enviar comunicaciones promocionales o de marketing (puede darse de baja en cualquier momento)<\/p><\/li><li data-start=\"1428\" data-end=\"1476\"><p data-start=\"1430\" data-end=\"1476\">Cumplir las obligaciones legales y reglamentarias<\/p><\/li><\/ul><hr data-start=\"1478\" data-end=\"1481\" \/><h3 data-start=\"1483\" data-end=\"1526\">4. Intercambio y divulgaci\u00f3n de informaci\u00f3n<\/h3><p data-start=\"1527\" data-end=\"1642\">Lo hacemos <strong data-start=\"1533\" data-end=\"1540\">no<\/strong> vender, alquilar o intercambiar su informaci\u00f3n personal. S\u00f3lo podemos compartir informaci\u00f3n en los siguientes casos:<\/p><ul data-start=\"1643\" data-end=\"1796\"><li data-start=\"1643\" data-end=\"1741\"><p data-start=\"1645\" data-end=\"1741\">Con proveedores de servicios de confianza que le ayuden con el alojamiento del sitio web, la anal\u00edtica o la atenci\u00f3n al cliente.<\/p><\/li><li data-start=\"1742\" data-end=\"1796\"><p data-start=\"1744\" data-end=\"1796\">Cuando lo exija una ley, un reglamento o un procedimiento judicial<\/p><\/li><\/ul><hr data-start=\"1798\" data-end=\"1801\" \/><h3 data-start=\"1803\" data-end=\"1825\">5. 5. Seguridad de los datos<\/h3><p data-start=\"1826\" data-end=\"2031\">Aplicamos medidas de seguridad t\u00e9cnicas y organizativas razonables para proteger su informaci\u00f3n personal. Sin embargo, ning\u00fan m\u00e9todo de transmisi\u00f3n por Internet o de almacenamiento electr\u00f3nico es completamente seguro.<\/p><hr data-start=\"2033\" data-end=\"2036\" \/><h3 data-start=\"2038\" data-end=\"2080\">6. Cookies y tecnolog\u00edas de seguimiento<\/h3><p data-start=\"2081\" data-end=\"2131\">Zentramo utiliza cookies y tecnolog\u00edas similares para:<\/p><ul data-start=\"2132\" data-end=\"2230\"><li data-start=\"2132\" data-end=\"2165\"><p data-start=\"2134\" data-end=\"2165\">Mejorar la funcionalidad del sitio web<\/p><\/li><li data-start=\"2166\" data-end=\"2202\"><p data-start=\"2168\" data-end=\"2202\">Analizar el tr\u00e1fico y las tendencias de uso<\/p><\/li><li data-start=\"2203\" data-end=\"2230\"><p data-start=\"2205\" data-end=\"2230\">Mejorar la experiencia del usuario<\/p><\/li><\/ul><p data-start=\"2232\" data-end=\"2346\">Puede desactivar las cookies a trav\u00e9s de la configuraci\u00f3n de su navegador, pero es posible que algunas funciones del sitio web no funcionen correctamente.<\/p><hr data-start=\"2348\" data-end=\"2351\" \/><h3 data-start=\"2353\" data-end=\"2373\">7. Derechos del usuario<\/h3><p data-start=\"2374\" data-end=\"2432\">Dependiendo de su jurisdicci\u00f3n, puede tener derecho a:<\/p><ul data-start=\"2433\" data-end=\"2550\"><li data-start=\"2433\" data-end=\"2489\"><p data-start=\"2435\" data-end=\"2489\">Acceder a su informaci\u00f3n personal, rectificarla o eliminarla<\/p><\/li><li data-start=\"2490\" data-end=\"2550\"><p data-start=\"2492\" data-end=\"2550\">Oponerse a determinadas actividades de tratamiento de datos o restringirlas<\/p><\/li><\/ul><p data-start=\"2552\" data-end=\"2624\">Para ejercer estos derechos, p\u00f3ngase en contacto con nosotros en <strong data-start=\"2599\" data-end=\"2623\"><a class=\"decorated-link cursor-pointer\" rel=\"noopener\" data-start=\"2601\" data-end=\"2621\">support@zentramo.com<\/a><\/strong>.<\/p><hr data-start=\"2626\" data-end=\"2629\" \/><h3 data-start=\"2631\" data-end=\"2670\">8. Cambios en esta pol\u00edtica de privacidad<\/h3><p data-start=\"2671\" data-end=\"2853\">Zentramo se reserva el derecho de actualizar esta Pol\u00edtica de Privacidad en cualquier momento. Las actualizaciones se publicar\u00e1n en esta p\u00e1gina con efecto inmediato. Le recomendamos que revise esta pol\u00edtica peri\u00f3dicamente.<\/p><hr data-start=\"2855\" data-end=\"2858\" \/><h3 data-start=\"2860\" data-end=\"2879\">9. Contacto<\/h3><p data-start=\"2880\" data-end=\"3011\">Si tiene alguna pregunta sobre esta Pol\u00edtica de privacidad o sobre c\u00f3mo tratamos sus datos, p\u00f3ngase en contacto con nosotros en:<br data-start=\"2981\" data-end=\"2984\" \/>\ud83d\udce7 <strong data-start=\"2987\" data-end=\"3011\"><a class=\"decorated-link cursor-pointer\" rel=\"noopener\" data-start=\"2989\" data-end=\"3009\">support@zentramo.com<\/a><\/strong><\/p>\t\t\t\t\t\t\t\t<\/div>\n\t\t\t\t<\/div>\n\t\t\t\t<\/div>\n\t\t\t\t\t<\/div>\n\t\t\t\t<\/div>\n\t\t\t\t<\/div>","protected":false},"excerpt":{"rendered":"<p>Privacy Policy Privacy Policy for Zentramo At Zentramo, accessible from https:\/\/zentramo.com, protecting your privacy is a priority. This Privacy Policy explains how we collect, use, and protect information from visitors to our website. 1. Introduction This Privacy Policy applies to the collection, use, and disclosure of personal information by Zentramo. By using our website, you [&hellip;]<\/p>","protected":false},"author":2,"featured_media":0,"parent":0,"menu_order":0,"comment_status":"closed","ping_status":"closed","template":"","meta":{"_seopress_robots_primary_cat":"","_seopress_titles_title":"","_seopress_titles_desc":"","_seopress_robots_index":"","footnotes":""},"class_list":["post-1848","page","type-page","status-publish","hentry"],"_links":{"self":[{"href":"https:\/\/zentramo.com\/es\/wp-json\/wp\/v2\/pages\/1848","targetHints":{"allow":["GET"]}}],"collection":[{"href":"https:\/\/zentramo.com\/es\/wp-json\/wp\/v2\/pages"}],"about":[{"href":"https:\/\/zentramo.com\/es\/wp-json\/wp\/v2\/types\/page"}],"author":[{"embeddable":true,"href":"https:\/\/zentramo.com\/es\/wp-json\/wp\/v2\/users\/2"}],"replies":[{"embeddable":true,"href":"https:\/\/zentramo.com\/es\/wp-json\/wp\/v2\/comments?post=1848"}],"version-history":[{"count":15,"href":"https:\/\/zentramo.com\/es\/wp-json\/wp\/v2\/pages\/1848\/revisions"}],"predecessor-version":[{"id":6616,"href":"https:\/\/zentramo.com\/es\/wp-json\/wp\/v2\/pages\/1848\/revisions\/6616"}],"wp:attachment":[{"href":"https:\/\/zentramo.com\/es\/wp-json\/wp\/v2\/media?parent=1848"}],"curies":[{"name":"wp","href":"https:\/\/api.w.org\/{rel}","templated":true}]}}