{"id":1866,"date":"2024-11-12T23:32:07","date_gmt":"2024-11-12T15:32:07","guid":{"rendered":"https:\/\/zentramo.com\/?page_id=1866"},"modified":"2026-02-01T09:33:51","modified_gmt":"2026-02-01T01:33:51","slug":"terms-of-use","status":"publish","type":"page","link":"https:\/\/zentramo.com\/de\/terms-of-use\/","title":{"rendered":"Nutzungsbedingungen"},"content":{"rendered":"<div data-elementor-type=\"wp-page\" data-elementor-id=\"1866\" class=\"elementor elementor-1866\" data-elementor-post-type=\"page\">\n\t\t\t\t<div class=\"elementor-element elementor-element-7a3df9fc e-flex e-con-boxed e-con e-parent\" data-id=\"7a3df9fc\" data-element_type=\"container\" data-settings=\"{&quot;background_background&quot;:&quot;classic&quot;,&quot;ekit_has_onepagescroll_dot&quot;:&quot;yes&quot;}\">\n\t\t\t\t\t<div class=\"e-con-inner\">\n\t\t<div class=\"elementor-element elementor-element-4755c71d e-con-full e-flex e-con e-child\" data-id=\"4755c71d\" data-element_type=\"container\" data-settings=\"{&quot;background_background&quot;:&quot;classic&quot;,&quot;ekit_has_onepagescroll_dot&quot;:&quot;yes&quot;}\">\n\t\t\t\t<div class=\"elementor-element elementor-element-3d339389 elementor-widget elementor-widget-heading\" data-id=\"3d339389\" data-element_type=\"widget\" data-settings=\"{&quot;ekit_we_effect_on&quot;:&quot;none&quot;}\" data-widget_type=\"heading.default\">\n\t\t\t\t<div class=\"elementor-widget-container\">\n\t\t\t\t\t<h2 class=\"elementor-heading-title elementor-size-default\">Nutzungsbedingungen<\/h2>\t\t\t\t<\/div>\n\t\t\t\t<\/div>\n\t\t\t\t<div class=\"elementor-element elementor-element-2ce2d824 elementor-widget elementor-widget-text-editor\" data-id=\"2ce2d824\" data-element_type=\"widget\" data-settings=\"{&quot;ekit_we_effect_on&quot;:&quot;none&quot;}\" data-widget_type=\"text-editor.default\">\n\t\t\t\t<div class=\"elementor-widget-container\">\n\t\t\t\t\t\t\t\t\t<p data-start=\"176\" data-end=\"200\"><strong data-start=\"176\" data-end=\"200\">Willkommen bei Zentramo!<\/strong><\/p><p data-start=\"202\" data-end=\"495\">Diese Nutzungsbedingungen (\u201cBedingungen\u201d) regeln Ihre Nutzung der Website unter <strong data-start=\"273\" data-end=\"297\"><a class=\"decorated-link\" href=\"https:\/\/zentramo.com\/de\/\" target=\"_new\" rel=\"noopener\" data-start=\"275\" data-end=\"295\">https:\/\/zentramo.com<\/a><\/strong> (die \u201cWebsite\u201d) und die Dienste, die von <strong data-start=\"340\" data-end=\"352\">Zentramo<\/strong> (\u201cwir\u201d, \u201cuns\u201d oder \u201cunser\u201d). Indem Sie auf die Website zugreifen oder sie nutzen, erkl\u00e4ren Sie sich damit einverstanden, diese Bedingungen einzuhalten. Wenn Sie damit nicht einverstanden sind, nutzen Sie die Website bitte nicht.<\/p><hr data-start=\"497\" data-end=\"500\" \/><h3 data-start=\"502\" data-end=\"530\">1. Akzeptanz der Bedingungen<\/h3><p data-start=\"531\" data-end=\"760\">Indem Sie auf unsere Website zugreifen und diese nutzen, erkl\u00e4ren Sie sich mit diesen Bedingungen einverstanden. Wenn Sie die Website im Namen eines Unternehmens oder einer Organisation nutzen, erkl\u00e4ren und garantieren Sie, dass Sie befugt sind, diesen Bedingungen in deren Namen zuzustimmen.<\/p><hr data-start=\"762\" data-end=\"765\" \/><h3 data-start=\"767\" data-end=\"798\">2. \u00c4nderungen der Bedingungen<\/h3><p data-start=\"799\" data-end=\"1001\">Zentramo beh\u00e4lt sich das Recht vor, diese Bedingungen jederzeit zu \u00e4ndern. Alle \u00c4nderungen werden auf dieser Seite ver\u00f6ffentlicht, und Ihre fortgesetzte Nutzung der Website nach solchen \u00c4nderungen bedeutet die Annahme der aktualisierten Bedingungen.<\/p><hr data-start=\"1003\" data-end=\"1006\" \/><h3 data-start=\"1008\" data-end=\"1032\">3. Nutzung der Website<\/h3><p data-start=\"1033\" data-end=\"1257\">Sie verpflichten sich, die Website nur f\u00fcr rechtm\u00e4\u00dfige Zwecke und in einer Weise zu nutzen, die die Rechte anderer nicht verletzt oder deren Nutzung der Website einschr\u00e4nkt. Eine unbefugte oder unsachgem\u00e4\u00dfe Nutzung kann zur Aussetzung oder Beendigung des Zugangs f\u00fchren.<\/p><hr data-start=\"1259\" data-end=\"1262\" \/><h3 data-start=\"1264\" data-end=\"1297\">4. Verantwortlichkeiten f\u00fcr das Konto<\/h3><p data-start=\"1298\" data-end=\"1584\">Wenn Sie ein Konto auf der Website erstellen, sind Sie f\u00fcr die Geheimhaltung Ihrer Anmeldedaten und aller Aktivit\u00e4ten unter Ihrem Konto verantwortlich. Sie verpflichten sich, genaue und aktuelle Informationen anzugeben. Zentramo ist nicht verantwortlich f\u00fcr einen unbefugten Zugriff auf Ihr Konto.<\/p><hr data-start=\"1586\" data-end=\"1589\" \/><h3 data-start=\"1591\" data-end=\"1621\">5. Geistiges Eigentum<\/h3><p data-start=\"1622\" data-end=\"1879\">Der gesamte Inhalt der Website, einschlie\u00dflich, aber nicht beschr\u00e4nkt auf Texte, Bilder, Logos, Grafiken, Videos und Software, ist Eigentum von Zentramo oder wurde an Zentramo lizenziert und ist durch die geltenden Gesetze zum Schutz des geistigen Eigentums gesch\u00fctzt. Die unbefugte Nutzung jeglicher Inhalte ist strengstens untersagt.<\/p><hr data-start=\"1881\" data-end=\"1884\" \/><h3 data-start=\"1886\" data-end=\"1917\">6. Benutzergenerierte Inhalte<\/h3><p data-start=\"1918\" data-end=\"2205\">Wenn Sie Inhalte an die Website \u00fcbermitteln (z. B. Anfragen, Kommentare oder Bewertungen), gew\u00e4hren Sie Zentramo eine nicht-exklusive, weltweite, geb\u00fchrenfreie Lizenz zur Nutzung, Anzeige und Verbreitung dieser Inhalte. Wir behalten uns das Recht vor, jeglichen Inhalt zu entfernen, der gegen diese Bedingungen verst\u00f6\u00dft oder als unangemessen erachtet wird.<\/p><hr data-start=\"2207\" data-end=\"2210\" \/><h3 data-start=\"2212\" data-end=\"2244\">7. Begrenzung der Haftung<\/h3><p data-start=\"2245\" data-end=\"2477\">Zentramo haftet nicht f\u00fcr direkte, indirekte, zuf\u00e4llige oder Folgesch\u00e4den, die sich aus der Nutzung oder der Unm\u00f6glichkeit der Nutzung der Website ergeben, einschlie\u00dflich, aber nicht beschr\u00e4nkt auf Gesch\u00e4ftsunterbrechungen, Datenverluste oder Gewinneinbu\u00dfen.<\/p><hr data-start=\"2479\" data-end=\"2482\" \/><h3 data-start=\"2484\" data-end=\"2510\">8. Links von Drittanbietern<\/h3><p data-start=\"2511\" data-end=\"2677\">Die Website kann Links zu Websites Dritter enthalten. Zentramo hat keine Kontrolle \u00fcber die Inhalte, Richtlinien oder Praktiken von Websites Dritter und ist nicht f\u00fcr diese verantwortlich.<\/p><hr data-start=\"2679\" data-end=\"2682\" \/><h3 data-start=\"2684\" data-end=\"2704\">9. Beendigung<\/h3><p data-start=\"2705\" data-end=\"2893\">Zentramo beh\u00e4lt sich das Recht vor, Ihren Zugriff auf die Website jederzeit und ohne Vorank\u00fcndigung auszusetzen oder zu beenden, wenn Sie gegen diese Bedingungen versto\u00dfen oder ein f\u00fcr die Website oder andere Nutzer sch\u00e4dliches Verhalten an den Tag legen.<\/p><hr data-start=\"2895\" data-end=\"2898\" \/><h3 data-start=\"2900\" data-end=\"2923\">10. Geltendes Recht<\/h3><p data-start=\"2924\" data-end=\"3103\">Diese Bedingungen unterliegen den geltenden Gesetzen der Gerichtsbarkeit, in der Zentramo t\u00e4tig ist, und sind entsprechend auszulegen, ungeachtet der Grunds\u00e4tze des Kollisionsrechts.<\/p><hr data-start=\"3105\" data-end=\"3108\" \/><h3 data-start=\"3110\" data-end=\"3126\">Kontakt<\/h3><p data-start=\"3127\" data-end=\"3234\">Wenn Sie Fragen zu diesen Nutzungsbedingungen haben, kontaktieren Sie uns bitte unter:<br data-start=\"3204\" data-end=\"3207\" \/>\ud83d\udce7 <strong data-start=\"3210\" data-end=\"3234\"><a class=\"decorated-link cursor-pointer\" rel=\"noopener\" data-start=\"3212\" data-end=\"3232\">support@zentramo.com<\/a><\/strong><\/p>\t\t\t\t\t\t\t\t<\/div>\n\t\t\t\t<\/div>\n\t\t\t\t<\/div>\n\t\t\t\t\t<\/div>\n\t\t\t\t<\/div>\n\t\t\t\t<\/div>","protected":false},"excerpt":{"rendered":"<p>Terms of Use Welcome to Zentramo! These Terms of Use (\u201cTerms\u201d) govern your use of the website located at https:\/\/zentramo.com (the \u201cSite\u201d) and the services provided by Zentramo (\u201cwe,\u201d \u201cus,\u201d or \u201cour\u201d). By accessing or using the Site, you agree to comply with these Terms. If you do not agree, please do not use the [&hellip;]<\/p>","protected":false},"author":2,"featured_media":0,"parent":0,"menu_order":0,"comment_status":"closed","ping_status":"closed","template":"","meta":{"_seopress_robots_primary_cat":"","_seopress_titles_title":"","_seopress_titles_desc":"","_seopress_robots_index":"","footnotes":""},"class_list":["post-1866","page","type-page","status-publish","hentry"],"_links":{"self":[{"href":"https:\/\/zentramo.com\/de\/wp-json\/wp\/v2\/pages\/1866","targetHints":{"allow":["GET"]}}],"collection":[{"href":"https:\/\/zentramo.com\/de\/wp-json\/wp\/v2\/pages"}],"about":[{"href":"https:\/\/zentramo.com\/de\/wp-json\/wp\/v2\/types\/page"}],"author":[{"embeddable":true,"href":"https:\/\/zentramo.com\/de\/wp-json\/wp\/v2\/users\/2"}],"replies":[{"embeddable":true,"href":"https:\/\/zentramo.com\/de\/wp-json\/wp\/v2\/comments?post=1866"}],"version-history":[{"count":22,"href":"https:\/\/zentramo.com\/de\/wp-json\/wp\/v2\/pages\/1866\/revisions"}],"predecessor-version":[{"id":6619,"href":"https:\/\/zentramo.com\/de\/wp-json\/wp\/v2\/pages\/1866\/revisions\/6619"}],"wp:attachment":[{"href":"https:\/\/zentramo.com\/de\/wp-json\/wp\/v2\/media?parent=1866"}],"curies":[{"name":"wp","href":"https:\/\/api.w.org\/{rel}","templated":true}]}}