{"id":1848,"date":"2024-11-12T23:27:35","date_gmt":"2024-11-12T15:27:35","guid":{"rendered":"https:\/\/zentramo.com\/?page_id=1848"},"modified":"2026-02-01T09:29:57","modified_gmt":"2026-02-01T01:29:57","slug":"privacy-policy","status":"publish","type":"page","link":"https:\/\/zentramo.com\/de\/privacy-policy\/","title":{"rendered":"Datenschutzbestimmungen"},"content":{"rendered":"<div data-elementor-type=\"wp-page\" data-elementor-id=\"1848\" class=\"elementor elementor-1848\" data-elementor-post-type=\"page\">\n\t\t\t\t<div class=\"elementor-element elementor-element-784fa18 e-flex e-con-boxed e-con e-parent\" data-id=\"784fa18\" data-element_type=\"container\" data-settings=\"{&quot;background_background&quot;:&quot;classic&quot;,&quot;ekit_has_onepagescroll_dot&quot;:&quot;yes&quot;}\">\n\t\t\t\t\t<div class=\"e-con-inner\">\n\t\t<div class=\"elementor-element elementor-element-b3cf68d e-con-full e-flex e-con e-child\" data-id=\"b3cf68d\" data-element_type=\"container\" data-settings=\"{&quot;background_background&quot;:&quot;classic&quot;,&quot;ekit_has_onepagescroll_dot&quot;:&quot;yes&quot;}\">\n\t\t\t\t<div class=\"elementor-element elementor-element-69c86bd elementor-widget elementor-widget-heading\" data-id=\"69c86bd\" data-element_type=\"widget\" data-settings=\"{&quot;ekit_we_effect_on&quot;:&quot;none&quot;}\" data-widget_type=\"heading.default\">\n\t\t\t\t<div class=\"elementor-widget-container\">\n\t\t\t\t\t<h2 class=\"elementor-heading-title elementor-size-default\">Datenschutzbestimmungen<\/h2>\t\t\t\t<\/div>\n\t\t\t\t<\/div>\n\t\t\t\t<div class=\"elementor-element elementor-element-b2f3cbe elementor-widget elementor-widget-text-editor\" data-id=\"b2f3cbe\" data-element_type=\"widget\" data-settings=\"{&quot;ekit_we_effect_on&quot;:&quot;none&quot;}\" data-widget_type=\"text-editor.default\">\n\t\t\t\t<div class=\"elementor-widget-container\">\n\t\t\t\t\t\t\t\t\t<p data-start=\"218\" data-end=\"249\"><strong data-start=\"218\" data-end=\"249\">Datenschutzrichtlinie f\u00fcr Zentramo<\/strong><\/p><p data-start=\"251\" data-end=\"452\">Unter <strong data-start=\"254\" data-end=\"266\">Zentramo<\/strong>, erreichbar von <strong data-start=\"284\" data-end=\"308\"><a class=\"decorated-link\" href=\"https:\/\/zentramo.com\/de\/\" target=\"_new\" rel=\"noopener\" data-start=\"286\" data-end=\"306\">https:\/\/zentramo.com<\/a><\/strong>, ist der Schutz Ihrer Privatsph\u00e4re eine Priorit\u00e4t. In dieser Datenschutzrichtlinie wird erl\u00e4utert, wie wir Informationen von Besuchern unserer Website sammeln, verwenden und sch\u00fctzen.<\/p><hr data-start=\"454\" data-end=\"457\" \/><h3 data-start=\"459\" data-end=\"480\">1. Einleitung<\/h3><p data-start=\"481\" data-end=\"663\">Diese Datenschutzrichtlinie gilt f\u00fcr die Erhebung, Verwendung und Weitergabe von personenbezogenen Daten durch <strong data-start=\"575\" data-end=\"587\">Zentramo<\/strong>. Durch die Nutzung unserer Website erkl\u00e4ren Sie sich mit den in dieser Richtlinie beschriebenen Praktiken einverstanden.<\/p><hr data-start=\"665\" data-end=\"668\" \/><h3 data-start=\"670\" data-end=\"701\">2. Informationen, die wir sammeln<\/h3><p data-start=\"703\" data-end=\"909\"><strong data-start=\"703\" data-end=\"727\">Pers\u00f6nliche Informationen<\/strong><br data-start=\"727\" data-end=\"730\" \/>Wir k\u00f6nnen personenbezogene Daten erfassen, die Sie uns freiwillig zur Verf\u00fcgung stellen, z. B. Ihren Namen, Ihre E-Mail-Adresse und Ihre Kontaktdaten, wenn Sie mit uns Kontakt aufnehmen, Formulare \u00fcbermitteln oder Updates abonnieren.<\/p><p data-start=\"911\" data-end=\"1151\"><strong data-start=\"911\" data-end=\"950\">Automatisch gesammelte Informationen<\/strong><br data-start=\"950\" data-end=\"953\" \/>Wir k\u00f6nnen automatisch bestimmte technische Informationen erfassen, einschlie\u00dflich IP-Adresse, Browsertyp, Betriebssystem, verweisende Seiten und Nutzungsdaten, um die Leistung der Website und die Benutzerfreundlichkeit zu verbessern.<\/p><hr data-start=\"1153\" data-end=\"1156\" \/><h3 data-start=\"1158\" data-end=\"1194\">3. Wie wir Ihre Informationen verwenden<\/h3><p data-start=\"1195\" data-end=\"1234\">Zentramo verwendet die gesammelten Informationen, um:<\/p><ul data-start=\"1235\" data-end=\"1476\"><li data-start=\"1235\" data-end=\"1294\"><p data-start=\"1237\" data-end=\"1294\">Betrieb, Wartung und Verbesserung unserer Website und Dienste<\/p><\/li><li data-start=\"1295\" data-end=\"1348\"><p data-start=\"1297\" data-end=\"1348\">Beantwortung von Anfragen und Unterst\u00fctzung von Kunden<\/p><\/li><li data-start=\"1349\" data-end=\"1427\"><p data-start=\"1351\" data-end=\"1427\">Zusendung von Marketing- oder Werbemitteilungen (Sie k\u00f6nnen sich jederzeit dagegen entscheiden)<\/p><\/li><li data-start=\"1428\" data-end=\"1476\"><p data-start=\"1430\" data-end=\"1476\">Einhaltung rechtlicher und regulatorischer Verpflichtungen<\/p><\/li><\/ul><hr data-start=\"1478\" data-end=\"1481\" \/><h3 data-start=\"1483\" data-end=\"1526\">4. Weitergabe und Offenlegung von Informationen<\/h3><p data-start=\"1527\" data-end=\"1642\">Wir tun <strong data-start=\"1533\" data-end=\"1540\">nicht<\/strong> Ihre pers\u00f6nlichen Daten verkaufen, vermieten oder tauschen. Wir d\u00fcrfen Informationen nur in den folgenden F\u00e4llen weitergeben:<\/p><ul data-start=\"1643\" data-end=\"1796\"><li data-start=\"1643\" data-end=\"1741\"><p data-start=\"1645\" data-end=\"1741\">Mit vertrauensw\u00fcrdigen Dienstleistern, die beim Website-Hosting, bei der Analyse oder beim Kundensupport helfen<\/p><\/li><li data-start=\"1742\" data-end=\"1796\"><p data-start=\"1744\" data-end=\"1796\">Wenn dies aufgrund von Gesetzen, Vorschriften oder rechtlichen Verfahren erforderlich ist<\/p><\/li><\/ul><hr data-start=\"1798\" data-end=\"1801\" \/><h3 data-start=\"1803\" data-end=\"1825\">5. Datensicherheit<\/h3><p data-start=\"1826\" data-end=\"2031\">Wir setzen angemessene technische und organisatorische Sicherheitsma\u00dfnahmen ein, um Ihre pers\u00f6nlichen Daten zu sch\u00fctzen. Allerdings ist keine Methode der \u00dcbertragung \u00fcber das Internet oder der elektronischen Speicherung vollkommen sicher.<\/p><hr data-start=\"2033\" data-end=\"2036\" \/><h3 data-start=\"2038\" data-end=\"2080\">6. Cookies und Tracking-Technologien<\/h3><p data-start=\"2081\" data-end=\"2131\">Zentramo verwendet Cookies und \u00e4hnliche Technologien, um:<\/p><ul data-start=\"2132\" data-end=\"2230\"><li data-start=\"2132\" data-end=\"2165\"><p data-start=\"2134\" data-end=\"2165\">Verbesserung der Funktionalit\u00e4t der Website<\/p><\/li><li data-start=\"2166\" data-end=\"2202\"><p data-start=\"2168\" data-end=\"2202\">Analysieren Sie Verkehrs- und Nutzungstrends<\/p><\/li><li data-start=\"2203\" data-end=\"2230\"><p data-start=\"2205\" data-end=\"2230\">Verbessern Sie das Benutzererlebnis<\/p><\/li><\/ul><p data-start=\"2232\" data-end=\"2346\">Sie k\u00f6nnen Cookies \u00fcber die Einstellungen Ihres Browsers deaktivieren, aber einige Funktionen der Website funktionieren dann m\u00f6glicherweise nicht richtig.<\/p><hr data-start=\"2348\" data-end=\"2351\" \/><h3 data-start=\"2353\" data-end=\"2373\">7. Benutzerrechte<\/h3><p data-start=\"2374\" data-end=\"2432\">Je nach Gerichtsbarkeit haben Sie m\u00f6glicherweise das Recht darauf:<\/p><ul data-start=\"2433\" data-end=\"2550\"><li data-start=\"2433\" data-end=\"2489\"><p data-start=\"2435\" data-end=\"2489\">Zugang, Berichtigung oder L\u00f6schung Ihrer pers\u00f6nlichen Daten<\/p><\/li><li data-start=\"2490\" data-end=\"2550\"><p data-start=\"2492\" data-end=\"2550\">Widerspruch gegen bestimmte Datenverarbeitungst\u00e4tigkeiten oder deren Einschr\u00e4nkung<\/p><\/li><\/ul><p data-start=\"2552\" data-end=\"2624\">Um diese Rechte auszu\u00fcben, kontaktieren Sie uns bitte unter <strong data-start=\"2599\" data-end=\"2623\"><a class=\"decorated-link cursor-pointer\" rel=\"noopener\" data-start=\"2601\" data-end=\"2621\">support@zentramo.com<\/a><\/strong>.<\/p><hr data-start=\"2626\" data-end=\"2629\" \/><h3 data-start=\"2631\" data-end=\"2670\">8. \u00c4nderungen an dieser Datenschutzrichtlinie<\/h3><p data-start=\"2671\" data-end=\"2853\">Zentramo beh\u00e4lt sich das Recht vor, diese Datenschutzrichtlinie jederzeit zu aktualisieren. Aktualisierungen werden auf dieser Seite mit sofortiger Wirkung ver\u00f6ffentlicht. Wir empfehlen Ihnen, diese Richtlinie regelm\u00e4\u00dfig zu \u00fcberpr\u00fcfen.<\/p><hr data-start=\"2855\" data-end=\"2858\" \/><h3 data-start=\"2860\" data-end=\"2879\">9. Kontakt<\/h3><p data-start=\"2880\" data-end=\"3011\">Wenn Sie Fragen zu dieser Datenschutzrichtlinie oder zum Umgang mit Ihren Daten haben, wenden Sie sich bitte an uns:<br data-start=\"2981\" data-end=\"2984\" \/>\ud83d\udce7 <strong data-start=\"2987\" data-end=\"3011\"><a class=\"decorated-link cursor-pointer\" rel=\"noopener\" data-start=\"2989\" data-end=\"3009\">support@zentramo.com<\/a><\/strong><\/p>\t\t\t\t\t\t\t\t<\/div>\n\t\t\t\t<\/div>\n\t\t\t\t<\/div>\n\t\t\t\t\t<\/div>\n\t\t\t\t<\/div>\n\t\t\t\t<\/div>","protected":false},"excerpt":{"rendered":"<p>Privacy Policy Privacy Policy for Zentramo At Zentramo, accessible from https:\/\/zentramo.com, protecting your privacy is a priority. This Privacy Policy explains how we collect, use, and protect information from visitors to our website. 1. Introduction This Privacy Policy applies to the collection, use, and disclosure of personal information by Zentramo. By using our website, you [&hellip;]<\/p>","protected":false},"author":2,"featured_media":0,"parent":0,"menu_order":0,"comment_status":"closed","ping_status":"closed","template":"","meta":{"_seopress_robots_primary_cat":"","_seopress_titles_title":"","_seopress_titles_desc":"","_seopress_robots_index":"","footnotes":""},"class_list":["post-1848","page","type-page","status-publish","hentry"],"_links":{"self":[{"href":"https:\/\/zentramo.com\/de\/wp-json\/wp\/v2\/pages\/1848","targetHints":{"allow":["GET"]}}],"collection":[{"href":"https:\/\/zentramo.com\/de\/wp-json\/wp\/v2\/pages"}],"about":[{"href":"https:\/\/zentramo.com\/de\/wp-json\/wp\/v2\/types\/page"}],"author":[{"embeddable":true,"href":"https:\/\/zentramo.com\/de\/wp-json\/wp\/v2\/users\/2"}],"replies":[{"embeddable":true,"href":"https:\/\/zentramo.com\/de\/wp-json\/wp\/v2\/comments?post=1848"}],"version-history":[{"count":15,"href":"https:\/\/zentramo.com\/de\/wp-json\/wp\/v2\/pages\/1848\/revisions"}],"predecessor-version":[{"id":6616,"href":"https:\/\/zentramo.com\/de\/wp-json\/wp\/v2\/pages\/1848\/revisions\/6616"}],"wp:attachment":[{"href":"https:\/\/zentramo.com\/de\/wp-json\/wp\/v2\/media?parent=1848"}],"curies":[{"name":"wp","href":"https:\/\/api.w.org\/{rel}","templated":true}]}}